{"id":4,"date":"2010-09-17T21:01:35","date_gmt":"2010-09-17T21:01:35","guid":{"rendered":"http:\/\/www.tehnovision.com\/?page_id=4"},"modified":"2019-04-02T22:26:13","modified_gmt":"2019-04-02T21:26:13","slug":"pocetna","status":"publish","type":"page","link":"https:\/\/www.tehnovision.com\/","title":{"rendered":"BluePOS"},"content":{"rendered":"\n<h2 class=\"wp-block-heading\"> <br>Predstavljamo Vam Blue POS, atraktivnu te mogu\u0107nostima i dizajnom naprednu POS blagajnu za ugostiteljstvo. Blue POS je kompletno rje\u0161enje POS blagajne za caffe barove, restorane, pizzerije, bistroe, pe\u010denjarnice, no\u0107ne klubove i sli\u010dne ugostiteljske objekte. Sadr\u017ei mno\u0161tvo opcija kao \u0161to su grafi\u010dki prikaz stolova, narud\u017ebe, na\u010dini pla\u0107anja, vi\u0161e nivoa rada, vi\u0161e kasa u cjelinu, daljinski pristup podacima i jo\u0161 mnogo toga. <\/h2>\n\n\n\n<ul class=\"wp-block-gallery columns-3 is-cropped wp-block-gallery-1 is-layout-flex wp-block-gallery-is-layout-flex\"><li class=\"blocks-gallery-item\"><figure><img loading=\"lazy\" decoding=\"async\" width=\"1024\" height=\"495\" src=\"http:\/\/www.tehnovision.com\/wp-content\/uploads\/2019\/04\/SlideShow_1_1240_600-1024x495.jpg\" alt=\"\" data-id=\"100\" data-link=\"http:\/\/www.tehnovision.com\/?attachment_id=100\" class=\"wp-image-100\" srcset=\"https:\/\/www.tehnovision.com\/wp-content\/uploads\/2019\/04\/SlideShow_1_1240_600-1024x495.jpg 1024w, https:\/\/www.tehnovision.com\/wp-content\/uploads\/2019\/04\/SlideShow_1_1240_600-300x145.jpg 300w, https:\/\/www.tehnovision.com\/wp-content\/uploads\/2019\/04\/SlideShow_1_1240_600-768x372.jpg 768w, https:\/\/www.tehnovision.com\/wp-content\/uploads\/2019\/04\/SlideShow_1_1240_600-500x242.jpg 500w, https:\/\/www.tehnovision.com\/wp-content\/uploads\/2019\/04\/SlideShow_1_1240_600.jpg 1240w\" sizes=\"(max-width: 1024px) 100vw, 1024px\" \/><\/figure><\/li><li class=\"blocks-gallery-item\"><figure><img loading=\"lazy\" decoding=\"async\" width=\"1024\" height=\"495\" src=\"http:\/\/www.tehnovision.com\/wp-content\/uploads\/2019\/04\/SlideShow_2_1240_600-1024x495.jpg\" alt=\"\" data-id=\"101\" data-link=\"http:\/\/www.tehnovision.com\/?attachment_id=101\" class=\"wp-image-101\" srcset=\"https:\/\/www.tehnovision.com\/wp-content\/uploads\/2019\/04\/SlideShow_2_1240_600-1024x495.jpg 1024w, https:\/\/www.tehnovision.com\/wp-content\/uploads\/2019\/04\/SlideShow_2_1240_600-300x145.jpg 300w, https:\/\/www.tehnovision.com\/wp-content\/uploads\/2019\/04\/SlideShow_2_1240_600-768x372.jpg 768w, https:\/\/www.tehnovision.com\/wp-content\/uploads\/2019\/04\/SlideShow_2_1240_600-500x242.jpg 500w, https:\/\/www.tehnovision.com\/wp-content\/uploads\/2019\/04\/SlideShow_2_1240_600.jpg 1240w\" sizes=\"(max-width: 1024px) 100vw, 1024px\" \/><\/figure><\/li><li class=\"blocks-gallery-item\"><figure><img loading=\"lazy\" decoding=\"async\" width=\"1024\" height=\"495\" src=\"http:\/\/www.tehnovision.com\/wp-content\/uploads\/2019\/04\/SlideShow_3_1240_600-1-1024x495.jpg\" alt=\"\" data-id=\"102\" data-link=\"http:\/\/www.tehnovision.com\/?attachment_id=102\" class=\"wp-image-102\" srcset=\"https:\/\/www.tehnovision.com\/wp-content\/uploads\/2019\/04\/SlideShow_3_1240_600-1-1024x495.jpg 1024w, https:\/\/www.tehnovision.com\/wp-content\/uploads\/2019\/04\/SlideShow_3_1240_600-1-300x145.jpg 300w, https:\/\/www.tehnovision.com\/wp-content\/uploads\/2019\/04\/SlideShow_3_1240_600-1-768x372.jpg 768w, https:\/\/www.tehnovision.com\/wp-content\/uploads\/2019\/04\/SlideShow_3_1240_600-1-500x242.jpg 500w, https:\/\/www.tehnovision.com\/wp-content\/uploads\/2019\/04\/SlideShow_3_1240_600-1.jpg 1240w\" sizes=\"(max-width: 1024px) 100vw, 1024px\" \/><\/figure><\/li><li class=\"blocks-gallery-item\"><figure><img loading=\"lazy\" decoding=\"async\" width=\"1024\" height=\"495\" src=\"http:\/\/www.tehnovision.com\/wp-content\/uploads\/2019\/04\/SlideShow_4_1240_600-1024x495.jpg\" alt=\"\" data-id=\"103\" data-link=\"http:\/\/www.tehnovision.com\/?attachment_id=103\" class=\"wp-image-103\" srcset=\"https:\/\/www.tehnovision.com\/wp-content\/uploads\/2019\/04\/SlideShow_4_1240_600-1024x495.jpg 1024w, https:\/\/www.tehnovision.com\/wp-content\/uploads\/2019\/04\/SlideShow_4_1240_600-300x145.jpg 300w, https:\/\/www.tehnovision.com\/wp-content\/uploads\/2019\/04\/SlideShow_4_1240_600-768x372.jpg 768w, https:\/\/www.tehnovision.com\/wp-content\/uploads\/2019\/04\/SlideShow_4_1240_600-500x242.jpg 500w, https:\/\/www.tehnovision.com\/wp-content\/uploads\/2019\/04\/SlideShow_4_1240_600.jpg 1240w\" sizes=\"(max-width: 1024px) 100vw, 1024px\" \/><\/figure><\/li><\/ul>\n","protected":false},"excerpt":{"rendered":"<p>Predstavljamo Vam Blue POS, atraktivnu te mogu\u0107nostima i dizajnom naprednu POS blagajnu za ugostiteljstvo. Blue POS je kompletno rje\u0161enje POS blagajne za caffe barove, restorane, pizzerije, bistroe, pe\u010denjarnice, no\u0107ne klubove i sli\u010dne ugostiteljske objekte. Sadr\u017ei mno\u0161tvo opcija kao \u0161to su grafi\u010dki prikaz stolova, narud\u017ebe, na\u010dini pla\u0107anja, vi\u0161e nivoa rada, vi\u0161e kasa u cjelinu, daljinski pristup [&hellip;]<\/p>\n","protected":false},"author":1,"featured_media":0,"parent":0,"menu_order":0,"comment_status":"closed","ping_status":"closed","template":"","meta":{"footnotes":""},"_links":{"self":[{"href":"https:\/\/www.tehnovision.com\/index.php?rest_route=\/wp\/v2\/pages\/4"}],"collection":[{"href":"https:\/\/www.tehnovision.com\/index.php?rest_route=\/wp\/v2\/pages"}],"about":[{"href":"https:\/\/www.tehnovision.com\/index.php?rest_route=\/wp\/v2\/types\/page"}],"author":[{"embeddable":true,"href":"https:\/\/www.tehnovision.com\/index.php?rest_route=\/wp\/v2\/users\/1"}],"replies":[{"embeddable":true,"href":"https:\/\/www.tehnovision.com\/index.php?rest_route=%2Fwp%2Fv2%2Fcomments&post=4"}],"version-history":[{"count":5,"href":"https:\/\/www.tehnovision.com\/index.php?rest_route=\/wp\/v2\/pages\/4\/revisions"}],"predecessor-version":[{"id":110,"href":"https:\/\/www.tehnovision.com\/index.php?rest_route=\/wp\/v2\/pages\/4\/revisions\/110"}],"wp:attachment":[{"href":"https:\/\/www.tehnovision.com\/index.php?rest_route=%2Fwp%2Fv2%2Fmedia&parent=4"}],"curies":[{"name":"wp","href":"https:\/\/api.w.org\/{rel}","templated":true}]}}