{"id":2,"date":"2010-09-17T20:54:39","date_gmt":"2010-09-17T20:54:39","guid":{"rendered":"http:\/\/www.tehnovision.com\/?page_id=2"},"modified":"2022-04-07T09:31:57","modified_gmt":"2022-04-07T08:31:57","slug":"about","status":"publish","type":"page","link":"https:\/\/www.tehnovision.com\/?page_id=2","title":{"rendered":"O nama"},"content":{"rendered":"<p>Tehno Vision,<\/p>\n<p>obrt za informati\u010dku djelatnost. Sa radom po\u010deo 1997. godine.<\/p>\n\n\n<hr class=\"wp-block-separator\"\/>\n\n\n\n<p><a href=\"http:\/\/www.tehnovision.com\/podrska\/PODRSKA.exe\" target=\"_blank\" rel=\"noreferrer noopener\">Udaljena podr\u0161ka<\/a><\/p>\n","protected":false},"excerpt":{"rendered":"<p>Tehno Vision, obrt za informati\u010dku djelatnost. Sa radom po\u010deo 1997. godine. Udaljena podr\u0161ka<\/p>\n","protected":false},"author":1,"featured_media":0,"parent":0,"menu_order":0,"comment_status":"closed","ping_status":"closed","template":"","meta":{"footnotes":""},"_links":{"self":[{"href":"https:\/\/www.tehnovision.com\/index.php?rest_route=\/wp\/v2\/pages\/2"}],"collection":[{"href":"https:\/\/www.tehnovision.com\/index.php?rest_route=\/wp\/v2\/pages"}],"about":[{"href":"https:\/\/www.tehnovision.com\/index.php?rest_route=\/wp\/v2\/types\/page"}],"author":[{"embeddable":true,"href":"https:\/\/www.tehnovision.com\/index.php?rest_route=\/wp\/v2\/users\/1"}],"replies":[{"embeddable":true,"href":"https:\/\/www.tehnovision.com\/index.php?rest_route=%2Fwp%2Fv2%2Fcomments&post=2"}],"version-history":[{"count":5,"href":"https:\/\/www.tehnovision.com\/index.php?rest_route=\/wp\/v2\/pages\/2\/revisions"}],"predecessor-version":[{"id":139,"href":"https:\/\/www.tehnovision.com\/index.php?rest_route=\/wp\/v2\/pages\/2\/revisions\/139"}],"wp:attachment":[{"href":"https:\/\/www.tehnovision.com\/index.php?rest_route=%2Fwp%2Fv2%2Fmedia&parent=2"}],"curies":[{"name":"wp","href":"https:\/\/api.w.org\/{rel}","templated":true}]}}